{"id":2,"date":"2017-05-26T08:10:44","date_gmt":"2017-05-26T08:10:44","guid":{"rendered":"http:\/\/katuseredelid.ee\/?page_id=2"},"modified":"2025-03-22T09:59:03","modified_gmt":"2025-03-22T09:59:03","slug":"sample-page","status":"publish","type":"page","link":"https:\/\/www.katuseredelid.ee\/","title":{"rendered":"Alumiiniumkatuseredelid."},"content":{"rendered":"<p>Katuseredelid O\u00dc on pikima ajalooga alumiiniumkatuseredelite valmistaja Eestis.<\/p>\n<p><img loading=\"lazy\" decoding=\"async\" class=\"alignnone size-full wp-image-239\" src=\"http:\/\/www.katuseredelid.ee\/wp-content\/uploads\/2020\/02\/katuseredelkatusel.jpg\" alt=\"\" width=\"670\" height=\"893\" srcset=\"http:\/\/www.katuseredelid.ee\/wp-content\/uploads\/2020\/02\/katuseredelkatusel.jpg 670w, http:\/\/www.katuseredelid.ee\/wp-content\/uploads\/2020\/02\/katuseredelkatusel-225x300.jpg 225w\" sizes=\"(max-width: 670px) 100vw, 670px\" \/><\/p>\n<p>Alumiiniumkatuseredel <strong>sobib k\u00f5ikidele katusekatte <\/strong>materjalide t\u00fc\u00fcpidele st.:<br \/>\n-eterniit-, plekk-, kivi-, sindel-, roo-, bituumen-, laud- ja ka kiltkivikatusele.<\/p>\n<p>Paigalduse ja mahav\u00f5tmise h\u00f5lbustamiseks on katuseredelil rattad, mis asuvad riputusk\u00e4ppade vastask\u00fcljel. Veeretades redeli n\u00f6. tagurpidi \u00fclesse harjale ja seej\u00e4rel \u00fcmber p\u00f6\u00f6rates, on redeli paigaldus kiire.<\/p>\n<p><strong>Katuseredeli hind kujuneb siis vastavalt tellitud pikkusele.&nbsp;<\/strong><\/p>\n<p>Katuseredeli:<br \/>\n&#8211; <strong>kasutuskoormuseks on 150kg,<\/strong><br \/>\n&#8211; <strong>laiuseks<\/strong> on aastate jooksul kujunenud <strong>440mm<\/strong>, mis v\u00f5imaldab piki redeli pulka seistes v\u00f5i ka istudes t\u00f6\u00f6tada,<br \/>\n(eritellimusel v\u00f5imalik ka teised laiused, soovitavalt mitte alla 300 mm)<br \/>\n&#8211; redeli pulgad on pikilattide peale keevitatud,<br \/>\n&#8211; kasutatava materjali sulamiks on EN 6063-T6,<br \/>\n&#8211; <strong>pikkus siis vastavalt soovile,<\/strong> kuid ohutust arvesdtades siiski r\u00e4\u00e4stast harjani,<br \/>\n&#8211; vajadusel poolitatav ja seda siis polt\u00fchendusega v\u00f5i hingedega,<br \/>\n&#8211; <strong>transport<\/strong> transpordifirma poolt \u00fcle Eesti ja ka v\u00e4ljapoole.<\/p>\n<p>&nbsp;<\/p>\n<p>Alumiiniumkatuseredel <strong>ei ole katusele kinnitatav<\/strong>, k\u00fcll aga v\u00f5ib seda iga\u00fcks oma soovi kohaselt teha.<\/p>\n<p>Ka <strong>ei ole meie katuseredelid v\u00e4rvitud<\/strong>, kuna tagamaks pulberv\u00e4rvi p\u00fcsimist materjalil ka nt. 30 aasta p\u00e4rast, eeldab alumiiniummaterjali pulberv\u00e4rvimine mitmeetapilist eelt\u00f6\u00f6tlust (puhastuss\u00f6\u00f6vitus, titaniseerimine, pulberv\u00e4rvimine, kuumutus), mis katuseredeli korral ei ole otstarbekas (selliselt v\u00e4rvitud alumiiniumprofiilidel p\u00fcsib v\u00e4rv k\u00fcll aastaid kuid nt. pulkadelt see kasutamise k\u00e4igus paratamatult kulub).<\/p>\n<p>Kuid iga tellija v\u00f5ib<strong> ise soovikohaselt katuseredeli v\u00e4rvida<\/strong>, konsulteerides v\u00e4rvi ja eelk\u00f5ige eelt\u00f6\u00f6tluse osas vastava spetsialistiga kaupluses.<br \/>\nSamas kattub pinnat\u00f6\u00f6tluseta alumiiniummaterjal v\u00e4litingimustes loodusliku oksiidikihiga muutudes ca aastaga matthalliks.<\/p>\n<p>Katuseredeli riputusk\u00e4pad on painutamise j\u00e4rel l\u00e4binud termot\u00f6\u00f6tluse tagamaks standardis etten\u00e4htud mehaanilised omadused olekule T6.<br \/>\nArvestades k\u00fcll redeli kasutuskoormusest l\u00e4htuvat kolmekordset tugevusvaru, soovitame siiski redeli <strong>talveks katuselt eemaldada.<\/strong><\/p>\n<p>Ja mis olulisim <strong>riputusk\u00e4ppade juures: need on testitud koormustaluvusele&nbsp;<\/strong> TT\u00dc Mehaanikainstituudi katselaboris (1200kg redeli kohta).<br \/>\nLisaks on riputusk\u00e4pad <strong>kaitstud ka t\u00f6\u00f6stusdisaini lahendusena<\/strong> Eesti Patendiametis.<\/p>\n<p><img loading=\"lazy\" decoding=\"async\" class=\"alignnone size-large wp-image-160\" src=\"http:\/\/www.katuseredelid.ee\/wp-content\/uploads\/2017\/05\/toostusdisainilahendusetunnistus-1-574x1024.jpg\" alt=\"\" width=\"574\" height=\"1024\" srcset=\"http:\/\/www.katuseredelid.ee\/wp-content\/uploads\/2017\/05\/toostusdisainilahendusetunnistus-1-574x1024.jpg 574w, http:\/\/www.katuseredelid.ee\/wp-content\/uploads\/2017\/05\/toostusdisainilahendusetunnistus-1-168x300.jpg 168w, http:\/\/www.katuseredelid.ee\/wp-content\/uploads\/2017\/05\/toostusdisainilahendusetunnistus-1-768x1370.jpg 768w\" sizes=\"(max-width: 574px) 100vw, 574px\" \/><\/p>\n","protected":false},"excerpt":{"rendered":"<p>Katuseredelid O\u00dc on pikima ajalooga alumiiniumkatuseredelite valmistaja Eestis. Alumiiniumkatuseredel sobib k\u00f5ikidele katusekatte materjalide t\u00fc\u00fcpidele st.: -eterniit-, plekk-, kivi-, sindel-, roo-, bituumen-, laud- ja ka kiltkivikatusele. Paigalduse ja mahav\u00f5tmise h\u00f5lbustamiseks on katuseredelil rattad, mis asuvad riputusk\u00e4ppade vastask\u00fcljel. Veeretades redeli n\u00f6. tagurpidi \u00fclesse harjale ja seej\u00e4rel \u00fcmber p\u00f6\u00f6rates, on redeli paigaldus kiire. Katuseredeli hind kujuneb siis vastavalt [&hellip;]<\/p>\n","protected":false},"author":1,"featured_media":0,"parent":0,"menu_order":0,"comment_status":"closed","ping_status":"closed","template":"","meta":{"ngg_post_thumbnail":0,"footnotes":""},"class_list":["post-2","page","type-page","status-publish","hentry"],"_links":{"self":[{"href":"https:\/\/www.katuseredelid.ee\/index.php\/wp-json\/wp\/v2\/pages\/2"}],"collection":[{"href":"https:\/\/www.katuseredelid.ee\/index.php\/wp-json\/wp\/v2\/pages"}],"about":[{"href":"https:\/\/www.katuseredelid.ee\/index.php\/wp-json\/wp\/v2\/types\/page"}],"author":[{"embeddable":true,"href":"https:\/\/www.katuseredelid.ee\/index.php\/wp-json\/wp\/v2\/users\/1"}],"replies":[{"embeddable":true,"href":"https:\/\/www.katuseredelid.ee\/index.php\/wp-json\/wp\/v2\/comments?post=2"}],"version-history":[{"count":5,"href":"https:\/\/www.katuseredelid.ee\/index.php\/wp-json\/wp\/v2\/pages\/2\/revisions"}],"predecessor-version":[{"id":343,"href":"https:\/\/www.katuseredelid.ee\/index.php\/wp-json\/wp\/v2\/pages\/2\/revisions\/343"}],"wp:attachment":[{"href":"https:\/\/www.katuseredelid.ee\/index.php\/wp-json\/wp\/v2\/media?parent=2"}],"curies":[{"name":"wp","href":"https:\/\/api.w.org\/{rel}","templated":true}]}}